{"id":2090,"date":"2023-09-27T10:22:01","date_gmt":"2023-09-27T08:22:01","guid":{"rendered":"https:\/\/s-betoni.fi\/skydd-av-personuppgifter\/"},"modified":"2023-12-13T13:29:00","modified_gmt":"2023-12-13T11:29:00","slug":"integritetspolicy","status":"publish","type":"page","link":"https:\/\/s-betoni.fi\/sv\/integritetspolicy\/","title":{"rendered":"Integritetspolicy"},"content":{"rendered":"\n<ol class=\"wp-block-list\">\n<li><strong>Registeransvarig<\/strong><\/li>\n<\/ol>\n\n\n\n<p>S-Betoni Ab Oy, med adressen L\u00e5ngmossv\u00e4gen 50, 68530 Lepplax<\/p>\n\n\n\n<ol class=\"wp-block-list\" start=\"2\">\n<li><strong>Registrets kontaktperson<\/strong><\/li>\n<\/ol>\n\n\n\n<p>Daniel Sundstr\u00f6m e-post:&nbsp;<a href=\"mailto:daniel.sundstrom@s-betoni.fi\">daniel.sundstrom@s-betoni.fi<\/a> tel.&nbsp;<a href=\"tel:+358 40 7273 960%E2%80%AC\">+358 40 7273 960\u202c<\/a><\/p>\n\n\n\n<ol class=\"wp-block-list\" start=\"3\">\n<li><strong>Registrets namn<\/strong><\/li>\n<\/ol>\n\n\n\n<p>S-Betoni Ab Oy kundregister<\/p>\n\n\n\n<ol class=\"wp-block-list\" start=\"4\">\n<li><strong>Personuppgifternas anv\u00e4ndnings\u00e4ndam\u00e5l och grund<\/strong><\/li>\n<\/ol>\n\n\n\n<p>P\u00e5 v\u00e5r webbplats samlar vi in personlig information n\u00e4r du anv\u00e4nder vissa funktioner, som beskrivs nedan. Genom att anv\u00e4nda v\u00e5r webbplats och l\u00e4mna information via v\u00e5ra kontaktformul\u00e4r godk\u00e4nner du v\u00e5r integritetspolicy.<\/p>\n\n\n\n<p>Vi anv\u00e4nder cookies f\u00f6r att f\u00f6rb\u00e4ttra din webbupplevelse, men du kan v\u00e4lja att inte acceptera dem. Om du inte accepterar cookies kan vissa funktioner p\u00e5 webbplatsen begr\u00e4nsas.&nbsp;<\/p>\n\n\n\n<p>Information som samlas in via v\u00e5ra kontaktformul\u00e4r delas inte med tredje part, utan hanteras enbart av f\u00f6retagets ansvariga samt utvalda personer f\u00f6r marknadsf\u00f6ring och kundrelationer dessa har r\u00e4tt att behandla och vid behov uppdatera den information som delas. Vi anv\u00e4nder ocks\u00e5 Google reCAPTCHA f\u00f6r att f\u00f6rhindra spam fr\u00e5n robotar.<\/p>\n\n\n\n<p>Vi anv\u00e4nder HTTPS-anslutning f\u00f6r att kryptera informationen som \u00f6verf\u00f6rs mellan webbplatsen och bes\u00f6karens webbl\u00e4sare. Detta s\u00e4kerst\u00e4ller att informationen inte kan l\u00e4sas av obeh\u00f6riga.<\/p>\n\n\n\n<ol class=\"wp-block-list\" start=\"5\">\n<li><strong>Registrets informationsinneh\u00e5ll<\/strong><\/li>\n<\/ol>\n\n\n\n<p>Vi anv\u00e4nder Google Analytics f\u00f6r att samla in anonym statistik om v\u00e5ra bes\u00f6kare, vilket inte innefattar n\u00e5gon personlig identifierbar information.<\/p>\n\n\n\n<p>F\u00f6r kontaktformul\u00e4r sparas den information som anv\u00e4ndaren v\u00e4ljer att delge: namn, adress, telefonnummer och e-post, informationen sparas p\u00e5 f\u00f6retagets webbplats samt eventuellt i f\u00f6retagets interna kundregister i enlighet med g\u00e4llande lagar om personuppgiftshantering.&nbsp;<\/p>\n\n\n\n<ol class=\"wp-block-list\" start=\"6\">\n<li><strong>Informationsk\u00e4llor<\/strong><\/li>\n<\/ol>\n\n\n\n<p>Uppgifter samlas ocks\u00e5 in i samband med best\u00e4llning av nyhetsbrev och efter l\u00e4mnande av kontaktbeg\u00e4ran samt vid anv\u00e4ndning av webbtj\u00e4nster (bl.a. registeransvariges webbplatser och sociala medier) och cookies eller i samband med annan \u00e4rendehantering eller fr\u00e5n uppgifter som f\u00e5tts i samband med deltagande i h\u00e4ndelser.<\/p>\n\n\n\n<p>Uppgifter kan ocks\u00e5 uppdateras fr\u00e5n Registeransvariges andra personregister, fr\u00e5n samarbetspartners personregister samt fr\u00e5n myndigheter och andra f\u00f6retag i den m\u00e5n lagen till\u00e5ter.<\/p>\n\n\n\n<ol class=\"wp-block-list\" start=\"7\">\n<li><strong>Lagring av personuppgifter<\/strong><\/li>\n<\/ol>\n\n\n\n<p>Personuppgifter lagras endast s\u00e5 l\u00e4nge det \u00e4r n\u00f6dv\u00e4ndigt f\u00f6r att f\u00f6rverkliga de anv\u00e4ndnings\u00e4ndam\u00e5l som fastst\u00e4lls i denna registerbeskrivning med beaktande av de begr\u00e4nsningar som fastst\u00e4llts i lag.&nbsp;<\/p>\n\n\n\n<p>F\u00f6r\u00e5ldrade och on\u00f6diga uppgifter f\u00f6rst\u00f6rs p\u00e5 vederb\u00f6rligt s\u00e4tt. Personuppgifterna f\u00f6rs in i registret i den form den registrerade gett dem och de uppdateras i enlighet med den registrerades meddelande till den Registeransvarige.<\/p>\n\n\n\n<ol class=\"wp-block-list\" start=\"8\">\n<li><strong>Den registrerades r\u00e4ttigheter<\/strong><\/li>\n<\/ol>\n\n\n\n<p>Du har r\u00e4tt att beg\u00e4ra en redog\u00f6relse \u00f6ver vilken information vi har om dig och be om att denna information raderas.&nbsp;<\/p>\n\n\n\n<p>Vi vidtar \u00e5tg\u00e4rder f\u00f6r att skydda den information som samlas in p\u00e5 v\u00e5r webbplats och v\u00e5r programvara uppdateras kontinuerligt f\u00f6r att s\u00e4kerst\u00e4lla s\u00e4kerheten. Trafiken mellan bes\u00f6karens webbl\u00e4sare och v\u00e5r server krypteras f\u00f6r att s\u00e4kerst\u00e4lla att informationen inte hamnar i obeh\u00f6rigas h\u00e4nder.<\/p>\n\n\n\n<ol class=\"wp-block-list\" start=\"9\">\n<li><strong>Anv\u00e4ndarr\u00e4ttigheter<\/strong><\/li>\n<\/ol>\n\n\n\n<p>Anv\u00e4ndaren har full kontroll \u00f6ver sin information. Detta inneb\u00e4r att man n\u00e4r som helst har r\u00e4tt att beg\u00e4ra en redog\u00f6relse \u00f6ver vilken information om anv\u00e4ndaren som vi besitter samt att beg\u00e4ra att informationen raderas.<\/p>\n\n\n\n<p>F\u00f6r att g\u00f6ra n\u00e5gon av ovanst\u00e5ende f\u00f6rfr\u00e5gningar, ta kontakt med Registeransvariga<\/p>\n\n\n\n<ol class=\"wp-block-list\" start=\"10\">\n<li><strong>S\u00e5 h\u00e4r skyddas din information<\/strong><\/li>\n<\/ol>\n\n\n\n<p>Vi har vidtagit de \u00e5tg\u00e4rder vi kan f\u00f6r att se till att den information som samlas in inte kan hamna i obeh\u00f6rigas h\u00e4nder. Programvaran som driver webbplatsen uppdateras kontinuerligt f\u00f6r att \u00e5tg\u00e4rda s\u00e4kerhetsbrister som uppdagas \u00f6ver tid. Trafiken mellan bes\u00f6karens webbl\u00e4sare och v\u00e5r server \u00e4r krypterad.<\/p>\n","protected":false},"excerpt":{"rendered":"<p>S-Betoni Ab Oy, med adressen L\u00e5ngmossv\u00e4gen 50, 68530 Lepplax Daniel Sundstr\u00f6m e-post:&nbsp;daniel.sundstrom@s-betoni.fi tel.&nbsp;+358 40 7273 960\u202c S-Betoni Ab Oy kundregister P\u00e5 v\u00e5r webbplats samlar vi in personlig information n\u00e4r du&#8230;<\/p>\n","protected":false},"author":1,"featured_media":0,"parent":0,"menu_order":0,"comment_status":"closed","ping_status":"open","template":"","meta":{"_kad_blocks_custom_css":"","_kad_blocks_head_custom_js":"","_kad_blocks_body_custom_js":"","_kad_blocks_footer_custom_js":"","_EventAllDay":false,"_EventTimezone":"","_EventStartDate":"","_EventEndDate":"","_EventStartDateUTC":"","_EventEndDateUTC":"","_EventShowMap":false,"_EventShowMapLink":false,"_EventURL":"","_EventCost":"","_EventCostDescription":"","_EventCurrencySymbol":"","_EventCurrencyCode":"","_EventCurrencyPosition":"","_EventDateTimeSeparator":"","_EventTimeRangeSeparator":"","_EventOrganizerID":[],"_EventVenueID":[],"_OrganizerEmail":"","_OrganizerPhone":"","_OrganizerWebsite":"","_VenueAddress":"","_VenueCity":"","_VenueCountry":"","_VenueProvince":"","_VenueState":"","_VenueZip":"","_VenuePhone":"","_VenueURL":"","_VenueStateProvince":"","_VenueLat":"","_VenueLng":"","_VenueShowMap":false,"_VenueShowMapLink":false,"_kadence_starter_templates_imported_post":false,"_kad_post_transparent":"","_kad_post_title":"hide","_kad_post_layout":"normal","_kad_post_sidebar_id":"","_kad_post_content_style":"unboxed","_kad_post_vertical_padding":"","_kad_post_feature":"","_kad_post_feature_position":"","_kad_post_header":false,"_kad_post_footer":false,"footnotes":""},"class_list":["post-2090","page","type-page","status-publish","hentry"],"yoast_head":"<!-- This site is optimized with the Yoast SEO plugin v25.9 - https:\/\/yoast.com\/wordpress\/plugins\/seo\/ -->\n<title>Integritetspolicy - S-Betoni<\/title>\n<meta name=\"robots\" content=\"index, follow, max-snippet:-1, max-image-preview:large, max-video-preview:-1\" \/>\n<link rel=\"canonical\" href=\"https:\/\/s-betoni.fi\/sv\/integritetspolicy\/\" \/>\n<meta property=\"og:locale\" content=\"sv_SE\" \/>\n<meta property=\"og:type\" content=\"article\" \/>\n<meta property=\"og:title\" content=\"Integritetspolicy - S-Betoni\" \/>\n<meta property=\"og:description\" content=\"S-Betoni Ab Oy, med adressen L\u00e5ngmossv\u00e4gen 50, 68530 Lepplax Daniel Sundstr\u00f6m e-post:&nbsp;daniel.sundstrom@s-betoni.fi tel.&nbsp;+358 40 7273 960\u202c S-Betoni Ab Oy kundregister P\u00e5 v\u00e5r webbplats samlar vi in personlig information n\u00e4r du...\" \/>\n<meta property=\"og:url\" content=\"https:\/\/s-betoni.fi\/sv\/integritetspolicy\/\" \/>\n<meta property=\"og:site_name\" content=\"S-Betoni\" \/>\n<meta property=\"article:modified_time\" content=\"2023-12-13T11:29:00+00:00\" \/>\n<meta name=\"twitter:card\" content=\"summary_large_image\" \/>\n<meta name=\"twitter:label1\" content=\"Ber\u00e4knad l\u00e4stid\" \/>\n\t<meta name=\"twitter:data1\" content=\"4 minuter\" \/>\n<script type=\"application\/ld+json\" class=\"yoast-schema-graph\">{\"@context\":\"https:\/\/schema.org\",\"@graph\":[{\"@type\":\"WebPage\",\"@id\":\"https:\/\/s-betoni.fi\/sv\/integritetspolicy\/\",\"url\":\"https:\/\/s-betoni.fi\/sv\/integritetspolicy\/\",\"name\":\"Integritetspolicy - S-Betoni\",\"isPartOf\":{\"@id\":\"https:\/\/s-betoni.fi\/sv\/#website\"},\"datePublished\":\"2023-09-27T08:22:01+00:00\",\"dateModified\":\"2023-12-13T11:29:00+00:00\",\"breadcrumb\":{\"@id\":\"https:\/\/s-betoni.fi\/sv\/integritetspolicy\/#breadcrumb\"},\"inLanguage\":\"sv-SE\",\"potentialAction\":[{\"@type\":\"ReadAction\",\"target\":[\"https:\/\/s-betoni.fi\/sv\/integritetspolicy\/\"]}]},{\"@type\":\"BreadcrumbList\",\"@id\":\"https:\/\/s-betoni.fi\/sv\/integritetspolicy\/#breadcrumb\",\"itemListElement\":[{\"@type\":\"ListItem\",\"position\":1,\"name\":\"Home\",\"item\":\"https:\/\/s-betoni.fi\/sv\/\"},{\"@type\":\"ListItem\",\"position\":2,\"name\":\"Integritetspolicy\"}]},{\"@type\":\"WebSite\",\"@id\":\"https:\/\/s-betoni.fi\/sv\/#website\",\"url\":\"https:\/\/s-betoni.fi\/sv\/\",\"name\":\"S-Betoni\",\"description\":\"S-Betoni\",\"publisher\":{\"@id\":\"https:\/\/s-betoni.fi\/sv\/#organization\"},\"potentialAction\":[{\"@type\":\"SearchAction\",\"target\":{\"@type\":\"EntryPoint\",\"urlTemplate\":\"https:\/\/s-betoni.fi\/sv\/?s={search_term_string}\"},\"query-input\":{\"@type\":\"PropertyValueSpecification\",\"valueRequired\":true,\"valueName\":\"search_term_string\"}}],\"inLanguage\":\"sv-SE\"},{\"@type\":\"Organization\",\"@id\":\"https:\/\/s-betoni.fi\/sv\/#organization\",\"name\":\"S-Betoni\",\"url\":\"https:\/\/s-betoni.fi\/sv\/\",\"logo\":{\"@type\":\"ImageObject\",\"inLanguage\":\"sv-SE\",\"@id\":\"https:\/\/s-betoni.fi\/sv\/#\/schema\/logo\/image\/\",\"url\":\"https:\/\/s-betoni.fi\/wp-content\/uploads\/2023\/10\/SB_Logo1NegaRgb-1.png\",\"contentUrl\":\"https:\/\/s-betoni.fi\/wp-content\/uploads\/2023\/10\/SB_Logo1NegaRgb-1.png\",\"width\":547,\"height\":178,\"caption\":\"S-Betoni\"},\"image\":{\"@id\":\"https:\/\/s-betoni.fi\/sv\/#\/schema\/logo\/image\/\"}}]}<\/script>\n<!-- \/ Yoast SEO plugin. -->","yoast_head_json":{"title":"Integritetspolicy - S-Betoni","robots":{"index":"index","follow":"follow","max-snippet":"max-snippet:-1","max-image-preview":"max-image-preview:large","max-video-preview":"max-video-preview:-1"},"canonical":"https:\/\/s-betoni.fi\/sv\/integritetspolicy\/","og_locale":"sv_SE","og_type":"article","og_title":"Integritetspolicy - S-Betoni","og_description":"S-Betoni Ab Oy, med adressen L\u00e5ngmossv\u00e4gen 50, 68530 Lepplax Daniel Sundstr\u00f6m e-post:&nbsp;daniel.sundstrom@s-betoni.fi tel.&nbsp;+358 40 7273 960\u202c S-Betoni Ab Oy kundregister P\u00e5 v\u00e5r webbplats samlar vi in personlig information n\u00e4r du...","og_url":"https:\/\/s-betoni.fi\/sv\/integritetspolicy\/","og_site_name":"S-Betoni","article_modified_time":"2023-12-13T11:29:00+00:00","twitter_card":"summary_large_image","twitter_misc":{"Ber\u00e4knad l\u00e4stid":"4 minuter"},"schema":{"@context":"https:\/\/schema.org","@graph":[{"@type":"WebPage","@id":"https:\/\/s-betoni.fi\/sv\/integritetspolicy\/","url":"https:\/\/s-betoni.fi\/sv\/integritetspolicy\/","name":"Integritetspolicy - S-Betoni","isPartOf":{"@id":"https:\/\/s-betoni.fi\/sv\/#website"},"datePublished":"2023-09-27T08:22:01+00:00","dateModified":"2023-12-13T11:29:00+00:00","breadcrumb":{"@id":"https:\/\/s-betoni.fi\/sv\/integritetspolicy\/#breadcrumb"},"inLanguage":"sv-SE","potentialAction":[{"@type":"ReadAction","target":["https:\/\/s-betoni.fi\/sv\/integritetspolicy\/"]}]},{"@type":"BreadcrumbList","@id":"https:\/\/s-betoni.fi\/sv\/integritetspolicy\/#breadcrumb","itemListElement":[{"@type":"ListItem","position":1,"name":"Home","item":"https:\/\/s-betoni.fi\/sv\/"},{"@type":"ListItem","position":2,"name":"Integritetspolicy"}]},{"@type":"WebSite","@id":"https:\/\/s-betoni.fi\/sv\/#website","url":"https:\/\/s-betoni.fi\/sv\/","name":"S-Betoni","description":"S-Betoni","publisher":{"@id":"https:\/\/s-betoni.fi\/sv\/#organization"},"potentialAction":[{"@type":"SearchAction","target":{"@type":"EntryPoint","urlTemplate":"https:\/\/s-betoni.fi\/sv\/?s={search_term_string}"},"query-input":{"@type":"PropertyValueSpecification","valueRequired":true,"valueName":"search_term_string"}}],"inLanguage":"sv-SE"},{"@type":"Organization","@id":"https:\/\/s-betoni.fi\/sv\/#organization","name":"S-Betoni","url":"https:\/\/s-betoni.fi\/sv\/","logo":{"@type":"ImageObject","inLanguage":"sv-SE","@id":"https:\/\/s-betoni.fi\/sv\/#\/schema\/logo\/image\/","url":"https:\/\/s-betoni.fi\/wp-content\/uploads\/2023\/10\/SB_Logo1NegaRgb-1.png","contentUrl":"https:\/\/s-betoni.fi\/wp-content\/uploads\/2023\/10\/SB_Logo1NegaRgb-1.png","width":547,"height":178,"caption":"S-Betoni"},"image":{"@id":"https:\/\/s-betoni.fi\/sv\/#\/schema\/logo\/image\/"}}]}},"taxonomy_info":[],"featured_image_src_large":false,"author_info":{"display_name":"admin","author_link":"https:\/\/s-betoni.fi\/sv\/author\/admin\/"},"comment_info":0,"_links":{"self":[{"href":"https:\/\/s-betoni.fi\/sv\/wp-json\/wp\/v2\/pages\/2090","targetHints":{"allow":["GET"]}}],"collection":[{"href":"https:\/\/s-betoni.fi\/sv\/wp-json\/wp\/v2\/pages"}],"about":[{"href":"https:\/\/s-betoni.fi\/sv\/wp-json\/wp\/v2\/types\/page"}],"author":[{"embeddable":true,"href":"https:\/\/s-betoni.fi\/sv\/wp-json\/wp\/v2\/users\/1"}],"replies":[{"embeddable":true,"href":"https:\/\/s-betoni.fi\/sv\/wp-json\/wp\/v2\/comments?post=2090"}],"version-history":[{"count":6,"href":"https:\/\/s-betoni.fi\/sv\/wp-json\/wp\/v2\/pages\/2090\/revisions"}],"predecessor-version":[{"id":2109,"href":"https:\/\/s-betoni.fi\/sv\/wp-json\/wp\/v2\/pages\/2090\/revisions\/2109"}],"wp:attachment":[{"href":"https:\/\/s-betoni.fi\/sv\/wp-json\/wp\/v2\/media?parent=2090"}],"curies":[{"name":"wp","href":"https:\/\/api.w.org\/{rel}","templated":true}]}}